{"id":1442,"date":"2015-04-29T12:08:54","date_gmt":"2015-04-29T12:08:54","guid":{"rendered":"http:\/\/machineglas.nl\/over-ons-du\/historie\/"},"modified":"2015-08-13T08:06:04","modified_gmt":"2015-08-13T08:06:04","slug":"historie","status":"publish","type":"page","link":"https:\/\/www.machineglas.nl\/de\/over-ons-du\/historie\/","title":{"rendered":"Geschichte"},"content":{"rendered":"<h2>Die Geschichte des Wissink Trading<\/h2>\n<p>Wissink Trading wurde 2004 von Eric Wissink gegr\u00fcndet. Eric hat umfassende Erfahrungen im Management eines gro\u00dfen internationalen Glasunternehmens und im Verkauf von Erdbaumaschinen gesammelt.<\/p>\n<p>Beide T\u00e4tigkeiten konnte er miteinander verbinden und erfolgreich in Wissink Trading einbringen, dem Spezialisten f\u00fcr Maschinenverglasung. Das Wissen und die Erfahrung, \u00fcber die nicht nur Eric, sondern auch seine Mitarbeiter verf\u00fcgen, bedeuten f\u00fcr den Kunden, dass kein anderer Maschinenscheibenhersteller so schnell liefern kann, und dass er jederzeit auf eine individuelle, bedarfsgerechte z\u00e4hlen kann.<\/p>\n","protected":false},"excerpt":{"rendered":"<p>Die Geschichte des Wissink Trading Wissink Trading wurde 2004 von Eric Wissink gegr\u00fcndet. Eric hat umfassende Erfahrungen im Management eines gro\u00dfen internationalen Glasunternehmens und im Verkauf von Erdbaumaschinen gesammelt. Beide T\u00e4tigkeiten konnte er miteinander verbinden und erfolgreich in Wissink Trading einbringen, dem Spezialisten f\u00fcr Maschinenverglasung. Das Wissen und die Erfahrung, \u00fcber die nicht nur Eric, &hellip; <a href=\"https:\/\/www.machineglas.nl\/de\/over-ons-du\/historie\/\" class=\"more-link\">Continue reading <span class=\"screen-reader-text\">Geschichte<\/span> <span class=\"meta-nav\">&rarr;<\/span><\/a><\/p>\n","protected":false},"author":2,"featured_media":0,"parent":487,"menu_order":0,"comment_status":"closed","ping_status":"closed","template":"page-templates\/page-over-ons.php","meta":{"_acf_changed":false,"_exactmetrics_skip_tracking":false,"_exactmetrics_sitenote_active":false,"_exactmetrics_sitenote_note":"","_exactmetrics_sitenote_category":0,"footnotes":""},"class_list":["post-1442","page","type-page","status-publish","hentry"],"acf":[],"_links":{"self":[{"href":"https:\/\/www.machineglas.nl\/de\/wp-json\/wp\/v2\/pages\/1442","targetHints":{"allow":["GET"]}}],"collection":[{"href":"https:\/\/www.machineglas.nl\/de\/wp-json\/wp\/v2\/pages"}],"about":[{"href":"https:\/\/www.machineglas.nl\/de\/wp-json\/wp\/v2\/types\/page"}],"author":[{"embeddable":true,"href":"https:\/\/www.machineglas.nl\/de\/wp-json\/wp\/v2\/users\/2"}],"replies":[{"embeddable":true,"href":"https:\/\/www.machineglas.nl\/de\/wp-json\/wp\/v2\/comments?post=1442"}],"version-history":[{"count":5,"href":"https:\/\/www.machineglas.nl\/de\/wp-json\/wp\/v2\/pages\/1442\/revisions"}],"predecessor-version":[{"id":1450,"href":"https:\/\/www.machineglas.nl\/de\/wp-json\/wp\/v2\/pages\/1442\/revisions\/1450"}],"up":[{"embeddable":true,"href":"https:\/\/www.machineglas.nl\/de\/wp-json\/wp\/v2\/pages\/487"}],"wp:attachment":[{"href":"https:\/\/www.machineglas.nl\/de\/wp-json\/wp\/v2\/media?parent=1442"}],"curies":[{"name":"wp","href":"https:\/\/api.w.org\/{rel}","templated":true}]}}