{"id":2443,"date":"2025-06-18T13:45:11","date_gmt":"2025-06-18T13:45:11","guid":{"rendered":"https:\/\/www.machineglas.nl\/?page_id=2443"},"modified":"2025-06-18T13:46:55","modified_gmt":"2025-06-18T13:46:55","slug":"glassinter","status":"publish","type":"page","link":"https:\/\/www.machineglas.nl\/de\/over-ons-du\/glassinter\/","title":{"rendered":"GLASSINTER"},"content":{"rendered":"<p>Hochwertiges Glas ist f\u00fcr die Sicherheit unerl\u00e4sslich. Unabh\u00e4ngig davon, ob eine Maschine im Innen- oder Au\u00dfenbereich eingesetzt wird, sorgt diese Verglasung daf\u00fcr, dass der Bediener eine klare Sicht auf die Baustelle hat und vor schwierigen Bedingungen gesch\u00fctzt ist. Deshalb bietet Wissink Trading nur erstklassiges Glas unter seiner eigenen Marke Glassinter an.<\/p>\n<p>Glassinter-Glasscheiben werden durch die Kombination von Spitzentechnologie und Handwerkskunst hergestellt. Sie passen pr\u00e4zise und halten den anspruchsvollsten Bedingungen stand. Glassinter steht f\u00fcr zertifiziertes Qualit\u00e4tsglas von Ihrem Produktexperten, unterst\u00fctzt durch Exzellenz!<\/p>\n<h3>Zertifiziertes Qualit\u00e4tsglas<\/h3>\n<p>F\u00fcr Bediener von Landwirtschafts-, Bau-, Industrie- oder Flurf\u00f6rderzeugen ist es von entscheidender Bedeutung, in anspruchsvollen Umgebungen eine klare und zuverl\u00e4ssige Sicht zu haben. Das Pr\u00e4zisionsglas von Glassinter bietet diese wesentliche Klarheit und erh\u00f6ht gleichzeitig die Sicherheit des Bedieners. Unser Glas wurde mit modernster Technologie entwickelt und h\u00e4lt extremen Temperaturen, Vibrationen und St\u00f6\u00dfen stand. Dar\u00fcber hinaus stellen gr\u00fcndliche Tests, strenge Toleranzen und die Einhaltung globaler Vorschriften (43R, DOT, CCC) sicher, dass es den h\u00f6chsten OEM-Standards in Bezug auf Passform und Qualit\u00e4t entspricht.<\/p>\n<h3>Von Ihrem Produktexperten<\/h3>\n<p>Auf der Suche nach perfekt angepasster Verglasung? Glassinter \u00fcbernimmt das f\u00fcr Sie! Mit \u00fcber 40 Jahren Erfahrung und Partnerschaften mit GDI, CAB Glazing Services und Wissink Trading k\u00f6nnen wir Ihnen die richtige Verglasung empfehlen, die perfekt auf Gel\u00e4ndefahrzeuge abgestimmt ist. Unsere technischen Experten und die interne Qualit\u00e4tskontrolle garantieren Pr\u00e4zision und bringen das Fachwissen direkt zu Ihnen. Partnerschaften verschaffen uns auch einen einzigartigen Vorteil bei der proaktiven Entwicklung fortschrittlicher Glasl\u00f6sungen f\u00fcr die neuesten Maschinen.<\/p>\n<h3>Unterst\u00fctzt durch Exzellenz<\/h3>\n<p>In welcher Branche Sie auch t\u00e4tig sind, Zeit ist immer ein entscheidender Faktor und Maschinenausfallzeiten sollten auf ein Minimum reduziert werden. Um kurze Lieferzeiten zu gew\u00e4hrleisten, hat Glassinter \u00fcber 40 000 Glasprodukte auf Lager und bietet \u00fcber 175 000 bekannte Referenzen an, die f\u00fcr mehr als 500 Marken geeignet sind. Das gesamte Glas wird w\u00e4hrend des Transports sorgf\u00e4ltig gesch\u00fctzt, sodass das Risiko einer Besch\u00e4digung dank einer ma\u00dfgeschneiderten Verpackung, die mit unserer eigenen Box-on-Demand-Maschine hergestellt wird, minimal ist. Wenn Sie eine technische Frage haben, steht Ihnen unser hervorragendes Kundendienstteam jederzeit gerne zur Verf\u00fcgung.<\/p>\n<h3>Das Glassinter-Produktsortiment<\/h3>\n<p>\u00dcber Glassinter bieten wir die gr\u00f6\u00dfte Auswahl an erstklassigem Glas, darunter:<\/p>\n<ul>\n<li>&#8211; Glas in verschiedenen Materialarten, wie z. B. geh\u00e4rtetes Glas, Verbundglas und Polycarbonat.<\/li>\n<li>&#8211; Glas in verschiedenen Formen und Ausf\u00fchrungen, einschlie\u00dflich Flachglas, zylindrisch gew\u00f6lbtes Glas und sph\u00e4risch gew\u00f6lbtes Glas.<\/li>\n<li>&#8211; Glaskombinationen und -baus\u00e4tze, wie z. B. Kabinenfenster-Dichtungsprofile, gerahmte Einheiten und Kabinent\u00fcrpaneele aus Glas.<\/li>\n<\/ul>\n<p>Diese Glasl\u00f6sungen eignen sich f\u00fcr \u00fcber 500 Marken von Bau-, Landwirtschafts-, Industrie- und Flurf\u00f6rderzeugen, wie z. B.:<\/p>\n<p><em>Bobcat \u2022 BT \u2022 Case IH \u2022 Caterpillar \u2022 CLAAS \u2022 Clark \u2022 Deutz \u2022 Doosan \u2022 EP \u2022 Fendt \u2022 Genie \u2022 Hangcha \u2022 JCB \u2022 JLG \u2022 John Deere \u2022 Jungheinrich \u2022 Komatsu \u2022 Kubota \u2022 Linde \u2022 Massey Ferguson \u2022 Manitou \u2022 Merlo \u2022 Mitsubishi \u2022 New Holland \u2022 Nissan \u2022 Still \u2022 TCM \u2022 Toyota \u2022 Valtra \u2022 Yale \u2022 Yanmar \u2022 &#8230;<\/em><\/p>\n","protected":false},"excerpt":{"rendered":"<p>Hochwertiges Glas ist f\u00fcr die Sicherheit unerl\u00e4sslich. Unabh\u00e4ngig davon, ob eine Maschine im Innen- oder Au\u00dfenbereich eingesetzt wird, sorgt diese Verglasung daf\u00fcr, dass der Bediener eine klare Sicht auf die Baustelle hat und vor schwierigen Bedingungen gesch\u00fctzt ist. Deshalb bietet Wissink Trading nur erstklassiges Glas unter seiner eigenen Marke Glassinter an. Glassinter-Glasscheiben werden durch die &hellip; <a href=\"https:\/\/www.machineglas.nl\/de\/over-ons-du\/glassinter\/\" class=\"more-link\">Continue reading <span class=\"screen-reader-text\">GLASSINTER<\/span> <span class=\"meta-nav\">&rarr;<\/span><\/a><\/p>\n","protected":false},"author":58,"featured_media":2418,"parent":487,"menu_order":1,"comment_status":"closed","ping_status":"closed","template":"","meta":{"_acf_changed":false,"_exactmetrics_skip_tracking":false,"_exactmetrics_sitenote_active":false,"_exactmetrics_sitenote_note":"","_exactmetrics_sitenote_category":0,"footnotes":""},"class_list":["post-2443","page","type-page","status-publish","has-post-thumbnail","hentry"],"acf":[],"_links":{"self":[{"href":"https:\/\/www.machineglas.nl\/de\/wp-json\/wp\/v2\/pages\/2443","targetHints":{"allow":["GET"]}}],"collection":[{"href":"https:\/\/www.machineglas.nl\/de\/wp-json\/wp\/v2\/pages"}],"about":[{"href":"https:\/\/www.machineglas.nl\/de\/wp-json\/wp\/v2\/types\/page"}],"author":[{"embeddable":true,"href":"https:\/\/www.machineglas.nl\/de\/wp-json\/wp\/v2\/users\/58"}],"replies":[{"embeddable":true,"href":"https:\/\/www.machineglas.nl\/de\/wp-json\/wp\/v2\/comments?post=2443"}],"version-history":[{"count":2,"href":"https:\/\/www.machineglas.nl\/de\/wp-json\/wp\/v2\/pages\/2443\/revisions"}],"predecessor-version":[{"id":2445,"href":"https:\/\/www.machineglas.nl\/de\/wp-json\/wp\/v2\/pages\/2443\/revisions\/2445"}],"up":[{"embeddable":true,"href":"https:\/\/www.machineglas.nl\/de\/wp-json\/wp\/v2\/pages\/487"}],"wp:featuredmedia":[{"embeddable":true,"href":"https:\/\/www.machineglas.nl\/de\/wp-json\/wp\/v2\/media\/2418"}],"wp:attachment":[{"href":"https:\/\/www.machineglas.nl\/de\/wp-json\/wp\/v2\/media?parent=2443"}],"curies":[{"name":"wp","href":"https:\/\/api.w.org\/{rel}","templated":true}]}}