{"id":322,"date":"2015-04-10T09:53:57","date_gmt":"2015-04-10T09:53:57","guid":{"rendered":"http:\/\/machineglas.nl\/?page_id=322"},"modified":"2015-08-26T07:25:33","modified_gmt":"2015-08-26T07:25:33","slug":"montage-merken-du","status":"publish","type":"page","link":"https:\/\/www.machineglas.nl\/de\/montage-merken-du\/","title":{"rendered":"Marken"},"content":{"rendered":"<div class=\"row\">\n<div class=\"col-sm-7\">\n<p>Von welcher Marke ist Ihre Erdbaumaschine? In unserem Sortiment warden Sie bestimmt f\u00fcndig. Nachfolgend finden Sie eine \u00fcbersicht \u00fcber alle Marken, f\u00fcr die wir Maschinenverglasung in unserem Lager mit mehr als 5.000 Scheiben vorr\u00e4tig haben.<\/p>\n<h2>Ist Ihre Marke nicht dabei?<\/h2>\n<p>Dann nehmen Sie bitte Kontakt mit uns auf. Die Wahrscheinlichkeit ist hoch, dass wir Ihnen genauso schnell eine neue Scheibe liefern k\u00f6nnen. Wir helfen Ihnen in jedem Fall gerne weiter.<\/p>\n<\/div>\n<div class=\"col-sm-5 text-right\"><img decoding=\"async\" src=\"http:\/\/machineglas.nl\/wp-content\/uploads\/2015\/04\/img3.png\" alt=\"img\" \/><\/div>\n<\/div>\n","protected":false},"excerpt":{"rendered":"<p>Von welcher Marke ist Ihre Erdbaumaschine? In unserem Sortiment warden Sie bestimmt f\u00fcndig. Nachfolgend finden Sie eine \u00fcbersicht \u00fcber alle Marken, f\u00fcr die wir Maschinenverglasung in unserem Lager mit mehr als 5.000 Scheiben vorr\u00e4tig haben. Ist Ihre Marke nicht dabei? Dann nehmen Sie bitte Kontakt mit uns auf. Die Wahrscheinlichkeit ist hoch, dass wir Ihnen &hellip; <a href=\"https:\/\/www.machineglas.nl\/de\/montage-merken-du\/\" class=\"more-link\">Continue reading <span class=\"screen-reader-text\">Marken<\/span> <span class=\"meta-nav\">&rarr;<\/span><\/a><\/p>\n","protected":false},"author":1,"featured_media":777,"parent":0,"menu_order":0,"comment_status":"closed","ping_status":"closed","template":"page-templates\/page-merken.php","meta":{"_acf_changed":false,"_exactmetrics_skip_tracking":false,"_exactmetrics_sitenote_active":false,"_exactmetrics_sitenote_note":"","_exactmetrics_sitenote_category":0,"footnotes":""},"class_list":["post-322","page","type-page","status-publish","has-post-thumbnail","hentry"],"acf":[],"_links":{"self":[{"href":"https:\/\/www.machineglas.nl\/de\/wp-json\/wp\/v2\/pages\/322","targetHints":{"allow":["GET"]}}],"collection":[{"href":"https:\/\/www.machineglas.nl\/de\/wp-json\/wp\/v2\/pages"}],"about":[{"href":"https:\/\/www.machineglas.nl\/de\/wp-json\/wp\/v2\/types\/page"}],"author":[{"embeddable":true,"href":"https:\/\/www.machineglas.nl\/de\/wp-json\/wp\/v2\/users\/1"}],"replies":[{"embeddable":true,"href":"https:\/\/www.machineglas.nl\/de\/wp-json\/wp\/v2\/comments?post=322"}],"version-history":[{"count":12,"href":"https:\/\/www.machineglas.nl\/de\/wp-json\/wp\/v2\/pages\/322\/revisions"}],"predecessor-version":[{"id":1527,"href":"https:\/\/www.machineglas.nl\/de\/wp-json\/wp\/v2\/pages\/322\/revisions\/1527"}],"wp:featuredmedia":[{"embeddable":true,"href":"https:\/\/www.machineglas.nl\/de\/wp-json\/wp\/v2\/media\/777"}],"wp:attachment":[{"href":"https:\/\/www.machineglas.nl\/de\/wp-json\/wp\/v2\/media?parent=322"}],"curies":[{"name":"wp","href":"https:\/\/api.w.org\/{rel}","templated":true}]}}