{"id":341,"date":"2015-04-10T10:00:02","date_gmt":"2015-04-10T10:00:02","guid":{"rendered":"http:\/\/machineglas.nl\/?page_id=341"},"modified":"2015-08-13T08:22:35","modified_gmt":"2015-08-13T08:22:35","slug":"machineglas-du","status":"publish","type":"page","link":"https:\/\/www.machineglas.nl\/de\/machineglas-du\/","title":{"rendered":"Maschinenscheiben"},"content":{"rendered":"<h2>Maschinenscheiben: gew\u00f6lbt oder flach, geh\u00e4rtet oder laminiert?<\/h2>\n<p>Maschinenscheiben k\u00f6nnen gew\u00f6lbt oder flach, geh\u00e4rtet oder laminiert sein. Welche Scheibenart ben\u00f6tigen Sie? Lassen Sie es uns wissen. Wir haben Ihr Modell zu 99 % auf Lager.<br \/>Wissen Sie nicht genau, was Sie ben\u00f6tigen und welche Sicherheitsanforderungen Ihre Maschinenscheiben erf\u00fcllen m\u00fcssen? Schildern Sie uns Ihre Situation und wir beraten Sie gern. Dank unserer 30-j\u00e4hrigen Erfahrung kennen wir die Regeln und wissen wir genau, was Sie brauchen. Von uns erhalten Sie immer die richtige Scheibe f\u00fcr Ihre Maschine.<\/p>\n<h2>Auch international aktiv<\/h2>\n<p>Wir liefern Maschinenscheiben nicht nur in den Niederlanden, sondern in ganz Europa. Befindet sich Ihre Maschine beispielsweise in Gro\u00dfbritannien, Polen oder in Skandinavien? Kein Problem: Wir machen uns sofort auf den Weg und sind so schnell wie m\u00f6glich bei Ihnen vor Ort.<br \/> Wir arbeiten auch mit ausl\u00e4ndischen Maschinenscheibenlieferanten zusammen, die wir schnell beauftragen k\u00f6nnen, wenn Sie an einem entfernten Ort eine Scheibe ben\u00f6tigen.<\/p>\n<h2>Qualit\u00e4t gesichert<\/h2>\n<p>Alle unsere Scheiben erf\u00fcllen alle gestellten Sicherheitsnormen und -anforderungen.<\/p>\n<h2>Eigene Produktion, wettbewerbsf\u00e4hige Preise<\/h2>\n<p>Wir produzieren alle Scheiben in Eigenregie. Deshalb zeichnen sich unsere Scheiben nicht nur durch ihre hohe Qualit\u00e4t, sondern auch durch ihre wettbewerbsf\u00e4higen Preise aus.<\/p>\n","protected":false},"excerpt":{"rendered":"<p>Maschinenscheiben: gew\u00f6lbt oder flach, geh\u00e4rtet oder laminiert? Maschinenscheiben k\u00f6nnen gew\u00f6lbt oder flach, geh\u00e4rtet oder laminiert sein. Welche Scheibenart ben\u00f6tigen Sie? Lassen Sie es uns wissen. Wir haben Ihr Modell zu 99 % auf Lager.Wissen Sie nicht genau, was Sie ben\u00f6tigen und welche Sicherheitsanforderungen Ihre Maschinenscheiben erf\u00fcllen m\u00fcssen? Schildern Sie uns Ihre Situation und wir beraten &hellip; <a href=\"https:\/\/www.machineglas.nl\/de\/machineglas-du\/\" class=\"more-link\">Continue reading <span class=\"screen-reader-text\">Maschinenscheiben<\/span> <span class=\"meta-nav\">&rarr;<\/span><\/a><\/p>\n","protected":false},"author":1,"featured_media":0,"parent":0,"menu_order":0,"comment_status":"closed","ping_status":"closed","template":"","meta":{"_acf_changed":false,"_exactmetrics_skip_tracking":false,"_exactmetrics_sitenote_active":false,"_exactmetrics_sitenote_note":"","_exactmetrics_sitenote_category":0,"footnotes":""},"class_list":["post-341","page","type-page","status-publish","hentry"],"acf":[],"_links":{"self":[{"href":"https:\/\/www.machineglas.nl\/de\/wp-json\/wp\/v2\/pages\/341","targetHints":{"allow":["GET"]}}],"collection":[{"href":"https:\/\/www.machineglas.nl\/de\/wp-json\/wp\/v2\/pages"}],"about":[{"href":"https:\/\/www.machineglas.nl\/de\/wp-json\/wp\/v2\/types\/page"}],"author":[{"embeddable":true,"href":"https:\/\/www.machineglas.nl\/de\/wp-json\/wp\/v2\/users\/1"}],"replies":[{"embeddable":true,"href":"https:\/\/www.machineglas.nl\/de\/wp-json\/wp\/v2\/comments?post=341"}],"version-history":[{"count":5,"href":"https:\/\/www.machineglas.nl\/de\/wp-json\/wp\/v2\/pages\/341\/revisions"}],"predecessor-version":[{"id":1463,"href":"https:\/\/www.machineglas.nl\/de\/wp-json\/wp\/v2\/pages\/341\/revisions\/1463"}],"wp:attachment":[{"href":"https:\/\/www.machineglas.nl\/de\/wp-json\/wp\/v2\/media?parent=341"}],"curies":[{"name":"wp","href":"https:\/\/api.w.org\/{rel}","templated":true}]}}