{"id":345,"date":"2015-04-10T10:09:26","date_gmt":"2015-04-10T10:09:26","guid":{"rendered":"http:\/\/machineglas.nl\/?page_id=345"},"modified":"2015-09-03T06:49:43","modified_gmt":"2015-09-03T06:49:43","slug":"machinetypes-du","status":"publish","type":"page","link":"https:\/\/www.machineglas.nl\/de\/machinetypes-du\/","title":{"rendered":"Maschinentypen"},"content":{"rendered":"<p>Wir liefern Maschinenscheiben f\u00fcr Erdbaumaschinen aller Art. F\u00fcr jede Marke und f\u00fcr jedes Modell. Wir haben Ihre Scheibe zu 99 % auf Lager. Wir liefern direkt: Wenn Sie heute anrufen, erhalten Sie noch heute Ihre neue Scheibe vor Ort.<\/p>\n","protected":false},"excerpt":{"rendered":"<p>Wir liefern Maschinenscheiben f\u00fcr Erdbaumaschinen aller Art. F\u00fcr jede Marke und f\u00fcr jedes Modell. Wir haben Ihre Scheibe zu 99 % auf Lager. Wir liefern direkt: Wenn Sie heute anrufen, erhalten Sie noch heute Ihre neue Scheibe vor Ort.<\/p>\n","protected":false},"author":1,"featured_media":198,"parent":0,"menu_order":0,"comment_status":"closed","ping_status":"closed","template":"page-templates\/machinetypes.php","meta":{"_acf_changed":false,"_exactmetrics_skip_tracking":false,"_exactmetrics_sitenote_active":false,"_exactmetrics_sitenote_note":"","_exactmetrics_sitenote_category":0,"footnotes":""},"class_list":["post-345","page","type-page","status-publish","has-post-thumbnail","hentry"],"acf":[],"_links":{"self":[{"href":"https:\/\/www.machineglas.nl\/de\/wp-json\/wp\/v2\/pages\/345","targetHints":{"allow":["GET"]}}],"collection":[{"href":"https:\/\/www.machineglas.nl\/de\/wp-json\/wp\/v2\/pages"}],"about":[{"href":"https:\/\/www.machineglas.nl\/de\/wp-json\/wp\/v2\/types\/page"}],"author":[{"embeddable":true,"href":"https:\/\/www.machineglas.nl\/de\/wp-json\/wp\/v2\/users\/1"}],"replies":[{"embeddable":true,"href":"https:\/\/www.machineglas.nl\/de\/wp-json\/wp\/v2\/comments?post=345"}],"version-history":[{"count":12,"href":"https:\/\/www.machineglas.nl\/de\/wp-json\/wp\/v2\/pages\/345\/revisions"}],"predecessor-version":[{"id":1529,"href":"https:\/\/www.machineglas.nl\/de\/wp-json\/wp\/v2\/pages\/345\/revisions\/1529"}],"wp:featuredmedia":[{"embeddable":true,"href":"https:\/\/www.machineglas.nl\/de\/wp-json\/wp\/v2\/media\/198"}],"wp:attachment":[{"href":"https:\/\/www.machineglas.nl\/de\/wp-json\/wp\/v2\/media?parent=345"}],"curies":[{"name":"wp","href":"https:\/\/api.w.org\/{rel}","templated":true}]}}