{"id":349,"date":"2015-04-10T10:11:55","date_gmt":"2015-04-10T10:11:55","guid":{"rendered":"http:\/\/machineglas.nl\/?page_id=349"},"modified":"2015-08-13T09:00:09","modified_gmt":"2015-08-13T09:00:09","slug":"montage-du","status":"publish","type":"page","link":"https:\/\/www.machineglas.nl\/de\/montage-du\/","title":{"rendered":"Montage"},"content":{"rendered":"<h2>Montage<\/h2>\n<p>Auf Wunsch liefern wir Maschinenscheiben nicht nur, sondern \u00fcbernehmen wir auch deren Montage f\u00fcr Sie. Unsere Monteure ersetzen Ihre Scheibe an jedem gew\u00fcnschten Ort &#8211; auf der Baustelle, am Stra\u00dfenrand, im Hafen oder auf dem Wasser. Auch auf die Montage brauchen Sie nicht lange zu warten: Bei der Lieferung sorgen wir gleichzeitig daf\u00fcr, dass die Scheibe in Ihre Maschine eingebaut wird.<\/p>\n<h2>Ben\u00f6tigen Sie jetzt eine Scheibe einschlie\u00dflich Montage?<\/h2>\n<p>Wir f\u00fchren ein Lager mit mehr als 5.000 Scheiben. Wir k\u00f6nnen Ihre Scheibe zu 99 % direkt ab Lager liefern. Kurzum: Ist Ihre Scheibe defekt und ben\u00f6tigen Sie sofort einen Ersatz, mit oder ohne Montage? Mit uns k\u00f6nnen Sie heute noch rechnen.<\/p>\n","protected":false},"excerpt":{"rendered":"<p>Montage Auf Wunsch liefern wir Maschinenscheiben nicht nur, sondern \u00fcbernehmen wir auch deren Montage f\u00fcr Sie. Unsere Monteure ersetzen Ihre Scheibe an jedem gew\u00fcnschten Ort &#8211; auf der Baustelle, am Stra\u00dfenrand, im Hafen oder auf dem Wasser. Auch auf die Montage brauchen Sie nicht lange zu warten: Bei der Lieferung sorgen wir gleichzeitig daf\u00fcr, dass &hellip; <a href=\"https:\/\/www.machineglas.nl\/de\/montage-du\/\" class=\"more-link\">Continue reading <span class=\"screen-reader-text\">Montage<\/span> <span class=\"meta-nav\">&rarr;<\/span><\/a><\/p>\n","protected":false},"author":1,"featured_media":984,"parent":0,"menu_order":0,"comment_status":"closed","ping_status":"closed","template":"page-templates\/page-montag.php","meta":{"_acf_changed":false,"_exactmetrics_skip_tracking":false,"_exactmetrics_sitenote_active":false,"_exactmetrics_sitenote_note":"","_exactmetrics_sitenote_category":0,"footnotes":""},"class_list":["post-349","page","type-page","status-publish","has-post-thumbnail","hentry"],"acf":[],"_links":{"self":[{"href":"https:\/\/www.machineglas.nl\/de\/wp-json\/wp\/v2\/pages\/349","targetHints":{"allow":["GET"]}}],"collection":[{"href":"https:\/\/www.machineglas.nl\/de\/wp-json\/wp\/v2\/pages"}],"about":[{"href":"https:\/\/www.machineglas.nl\/de\/wp-json\/wp\/v2\/types\/page"}],"author":[{"embeddable":true,"href":"https:\/\/www.machineglas.nl\/de\/wp-json\/wp\/v2\/users\/1"}],"replies":[{"embeddable":true,"href":"https:\/\/www.machineglas.nl\/de\/wp-json\/wp\/v2\/comments?post=349"}],"version-history":[{"count":9,"href":"https:\/\/www.machineglas.nl\/de\/wp-json\/wp\/v2\/pages\/349\/revisions"}],"predecessor-version":[{"id":1471,"href":"https:\/\/www.machineglas.nl\/de\/wp-json\/wp\/v2\/pages\/349\/revisions\/1471"}],"wp:featuredmedia":[{"embeddable":true,"href":"https:\/\/www.machineglas.nl\/de\/wp-json\/wp\/v2\/media\/984"}],"wp:attachment":[{"href":"https:\/\/www.machineglas.nl\/de\/wp-json\/wp\/v2\/media?parent=349"}],"curies":[{"name":"wp","href":"https:\/\/api.w.org\/{rel}","templated":true}]}}