{"id":400,"date":"2015-04-10T12:46:57","date_gmt":"2015-04-10T12:46:57","guid":{"rendered":"http:\/\/machineglas.nl\/?page_id=400"},"modified":"2020-11-30T14:48:01","modified_gmt":"2020-11-30T14:48:01","slug":"voorraad-du","status":"publish","type":"page","link":"https:\/\/www.machineglas.nl\/de\/machineglas-du\/voorraad-du\/","title":{"rendered":"Lager"},"content":{"rendered":"<h2>Sofortige Lieferung ab Lager<\/h2>\n<p>Hat eine Ihrer Erdbaumaschinen eine zerbrochene Scheibe? In vielen F\u00e4llen muss die Arbeit aus Sicherheitsgr\u00fcnden unterbrochen werden. Wir wissen, dass das hohe Kosten verursacht, denn jede Sekunde z\u00e4hlt.<\/p>\n<p>Aus diesem Grund f\u00fchren wir ein besonders umfassendes Lager mit mehr als 12.000 Scheiben, die wir sofort ab Lager liefern. Rufen Sie uns an und wir liefern Ihnen noch heute eine neue Scheibe vor Ort. Auf Wunsch \u00fcbernehmen wir auch gerne die Montage. Selbst wenn Ihre Maschine brandneu und vom neuesten Modell ist, haben wir h\u00f6chstwahrscheinlich die passende Scheibe bereits auf Lager!<\/p>\n","protected":false},"excerpt":{"rendered":"<p>Sofortige Lieferung ab Lager Hat eine Ihrer Erdbaumaschinen eine zerbrochene Scheibe? In vielen F\u00e4llen muss die Arbeit aus Sicherheitsgr\u00fcnden unterbrochen werden. Wir wissen, dass das hohe Kosten verursacht, denn jede Sekunde z\u00e4hlt. Aus diesem Grund f\u00fchren wir ein besonders umfassendes Lager mit mehr als 12.000 Scheiben, die wir sofort ab Lager liefern. Rufen Sie uns &hellip; <a href=\"https:\/\/www.machineglas.nl\/de\/machineglas-du\/voorraad-du\/\" class=\"more-link\">Continue reading <span class=\"screen-reader-text\">Lager<\/span> <span class=\"meta-nav\">&rarr;<\/span><\/a><\/p>\n","protected":false},"author":1,"featured_media":1013,"parent":341,"menu_order":0,"comment_status":"closed","ping_status":"closed","template":"page-templates\/page-montag.php","meta":{"_acf_changed":false,"_exactmetrics_skip_tracking":false,"_exactmetrics_sitenote_active":false,"_exactmetrics_sitenote_note":"","_exactmetrics_sitenote_category":0,"footnotes":""},"class_list":["post-400","page","type-page","status-publish","has-post-thumbnail","hentry"],"acf":[],"_links":{"self":[{"href":"https:\/\/www.machineglas.nl\/de\/wp-json\/wp\/v2\/pages\/400","targetHints":{"allow":["GET"]}}],"collection":[{"href":"https:\/\/www.machineglas.nl\/de\/wp-json\/wp\/v2\/pages"}],"about":[{"href":"https:\/\/www.machineglas.nl\/de\/wp-json\/wp\/v2\/types\/page"}],"author":[{"embeddable":true,"href":"https:\/\/www.machineglas.nl\/de\/wp-json\/wp\/v2\/users\/1"}],"replies":[{"embeddable":true,"href":"https:\/\/www.machineglas.nl\/de\/wp-json\/wp\/v2\/comments?post=400"}],"version-history":[{"count":6,"href":"https:\/\/www.machineglas.nl\/de\/wp-json\/wp\/v2\/pages\/400\/revisions"}],"predecessor-version":[{"id":2270,"href":"https:\/\/www.machineglas.nl\/de\/wp-json\/wp\/v2\/pages\/400\/revisions\/2270"}],"up":[{"embeddable":true,"href":"https:\/\/www.machineglas.nl\/de\/wp-json\/wp\/v2\/pages\/341"}],"wp:featuredmedia":[{"embeddable":true,"href":"https:\/\/www.machineglas.nl\/de\/wp-json\/wp\/v2\/media\/1013"}],"wp:attachment":[{"href":"https:\/\/www.machineglas.nl\/de\/wp-json\/wp\/v2\/media?parent=400"}],"curies":[{"name":"wp","href":"https:\/\/api.w.org\/{rel}","templated":true}]}}