{"id":418,"date":"2015-04-10T12:59:51","date_gmt":"2015-04-10T12:59:51","guid":{"rendered":"http:\/\/machineglas.nl\/?page_id=418"},"modified":"2015-08-13T08:11:47","modified_gmt":"2015-08-13T08:11:47","slug":"maatwerk-du","status":"publish","type":"page","link":"https:\/\/www.machineglas.nl\/de\/machineglas-du\/maatwerk-du\/","title":{"rendered":"Ma\u00dfarbeit"},"content":{"rendered":"<h2>Maschinenscheiben nach Ma\u00df<\/h2>\n<p>In fast allen F\u00e4llen haben wir Ihre Scheibe vorr\u00e4tig. Haben Sie kein Gl\u00fcck und geh\u00f6ren Sie zu der kleinen Gruppe, deren Maschinenscheiben wir nicht auf Lager haben? Dann k\u00f6nnen wir in einigen F\u00e4llen eine Scheibe nach Ma\u00df zuschneiden, sogar vor Ort! Sollte ein Zuschneiden nach Ma\u00df nicht m\u00f6glich sein, lassen wir Ihre Scheibe so schnell wie m\u00f6glich produzieren. Das erledigen wir selbst, einer der Gr\u00fcnde, warum wir so wettbewerbsf\u00e4hige Preise bieten k\u00f6nnen.\u00a0<\/p>\n","protected":false},"excerpt":{"rendered":"<p>Maschinenscheiben nach Ma\u00df In fast allen F\u00e4llen haben wir Ihre Scheibe vorr\u00e4tig. Haben Sie kein Gl\u00fcck und geh\u00f6ren Sie zu der kleinen Gruppe, deren Maschinenscheiben wir nicht auf Lager haben? Dann k\u00f6nnen wir in einigen F\u00e4llen eine Scheibe nach Ma\u00df zuschneiden, sogar vor Ort! Sollte ein Zuschneiden nach Ma\u00df nicht m\u00f6glich sein, lassen wir Ihre &hellip; <a href=\"https:\/\/www.machineglas.nl\/de\/machineglas-du\/maatwerk-du\/\" class=\"more-link\">Continue reading <span class=\"screen-reader-text\">Ma\u00dfarbeit<\/span> <span class=\"meta-nav\">&rarr;<\/span><\/a><\/p>\n","protected":false},"author":1,"featured_media":1002,"parent":341,"menu_order":0,"comment_status":"closed","ping_status":"closed","template":"page-templates\/page-montag.php","meta":{"_acf_changed":false,"_exactmetrics_skip_tracking":false,"_exactmetrics_sitenote_active":false,"_exactmetrics_sitenote_note":"","_exactmetrics_sitenote_category":0,"footnotes":""},"class_list":["post-418","page","type-page","status-publish","has-post-thumbnail","hentry"],"acf":[],"_links":{"self":[{"href":"https:\/\/www.machineglas.nl\/de\/wp-json\/wp\/v2\/pages\/418","targetHints":{"allow":["GET"]}}],"collection":[{"href":"https:\/\/www.machineglas.nl\/de\/wp-json\/wp\/v2\/pages"}],"about":[{"href":"https:\/\/www.machineglas.nl\/de\/wp-json\/wp\/v2\/types\/page"}],"author":[{"embeddable":true,"href":"https:\/\/www.machineglas.nl\/de\/wp-json\/wp\/v2\/users\/1"}],"replies":[{"embeddable":true,"href":"https:\/\/www.machineglas.nl\/de\/wp-json\/wp\/v2\/comments?post=418"}],"version-history":[{"count":3,"href":"https:\/\/www.machineglas.nl\/de\/wp-json\/wp\/v2\/pages\/418\/revisions"}],"predecessor-version":[{"id":1453,"href":"https:\/\/www.machineglas.nl\/de\/wp-json\/wp\/v2\/pages\/418\/revisions\/1453"}],"up":[{"embeddable":true,"href":"https:\/\/www.machineglas.nl\/de\/wp-json\/wp\/v2\/pages\/341"}],"wp:featuredmedia":[{"embeddable":true,"href":"https:\/\/www.machineglas.nl\/de\/wp-json\/wp\/v2\/media\/1002"}],"wp:attachment":[{"href":"https:\/\/www.machineglas.nl\/de\/wp-json\/wp\/v2\/media?parent=418"}],"curies":[{"name":"wp","href":"https:\/\/api.w.org\/{rel}","templated":true}]}}