{"id":487,"date":"2015-04-15T14:00:32","date_gmt":"2015-04-15T14:00:32","guid":{"rendered":"http:\/\/machineglas.nl\/?page_id=487"},"modified":"2015-08-13T09:47:32","modified_gmt":"2015-08-13T09:47:32","slug":"over-ons-du","status":"publish","type":"page","link":"https:\/\/www.machineglas.nl\/de\/over-ons-du\/","title":{"rendered":"\u00dcber uns"},"content":{"rendered":"<h2>\u00dcber Wissink Trading<\/h2>\n<p>Wissink Trading liefert Maschinenscheiben f\u00fcr Erdbaumaschinen. Dank unseres einzigartigen umfassenden Lagers mit mehr als 5.000 Scheiben und mehr als 2.300 verschiedenen Modellen k\u00f6nnen wir Ihre Scheibe in fast allen F\u00e4llen sofort liefern.<\/p>\n<p>Unsere Kunden wenden sich an uns, weil sie sich darauf verlassen k\u00f6nnen, dass wir nicht nur die passende Ersatzscheibe bieten, sondern auch noch blitzschnell liefern. Und dabei garantieren wir hohe Qualit\u00e4t zu wettbewerbsf\u00e4higen Preisen.<\/p>\n","protected":false},"excerpt":{"rendered":"<p>\u00dcber Wissink Trading Wissink Trading liefert Maschinenscheiben f\u00fcr Erdbaumaschinen. Dank unseres einzigartigen umfassenden Lagers mit mehr als 5.000 Scheiben und mehr als 2.300 verschiedenen Modellen k\u00f6nnen wir Ihre Scheibe in fast allen F\u00e4llen sofort liefern. Unsere Kunden wenden sich an uns, weil sie sich darauf verlassen k\u00f6nnen, dass wir nicht nur die passende Ersatzscheibe bieten, &hellip; <a href=\"https:\/\/www.machineglas.nl\/de\/over-ons-du\/\" class=\"more-link\">Continue reading <span class=\"screen-reader-text\">\u00dcber uns<\/span> <span class=\"meta-nav\">&rarr;<\/span><\/a><\/p>\n","protected":false},"author":1,"featured_media":0,"parent":0,"menu_order":0,"comment_status":"closed","ping_status":"closed","template":"page-templates\/page-over-ons.php","meta":{"_acf_changed":false,"_exactmetrics_skip_tracking":false,"_exactmetrics_sitenote_active":false,"_exactmetrics_sitenote_note":"","_exactmetrics_sitenote_category":0,"footnotes":""},"class_list":["post-487","page","type-page","status-publish","hentry"],"acf":[],"_links":{"self":[{"href":"https:\/\/www.machineglas.nl\/de\/wp-json\/wp\/v2\/pages\/487","targetHints":{"allow":["GET"]}}],"collection":[{"href":"https:\/\/www.machineglas.nl\/de\/wp-json\/wp\/v2\/pages"}],"about":[{"href":"https:\/\/www.machineglas.nl\/de\/wp-json\/wp\/v2\/types\/page"}],"author":[{"embeddable":true,"href":"https:\/\/www.machineglas.nl\/de\/wp-json\/wp\/v2\/users\/1"}],"replies":[{"embeddable":true,"href":"https:\/\/www.machineglas.nl\/de\/wp-json\/wp\/v2\/comments?post=487"}],"version-history":[{"count":6,"href":"https:\/\/www.machineglas.nl\/de\/wp-json\/wp\/v2\/pages\/487\/revisions"}],"predecessor-version":[{"id":1477,"href":"https:\/\/www.machineglas.nl\/de\/wp-json\/wp\/v2\/pages\/487\/revisions\/1477"}],"wp:attachment":[{"href":"https:\/\/www.machineglas.nl\/de\/wp-json\/wp\/v2\/media?parent=487"}],"curies":[{"name":"wp","href":"https:\/\/api.w.org\/{rel}","templated":true}]}}